{"id":1737,"date":"2022-11-10T23:39:48","date_gmt":"2022-11-10T23:39:48","guid":{"rendered":"https:\/\/laptronic.pe\/catalogo\/?post_type=product&#038;p=1737"},"modified":"2022-11-11T02:35:52","modified_gmt":"2022-11-11T02:35:52","slug":"iphone-14-pro-max-128gb","status":"publish","type":"product","link":"https:\/\/laptronic.pe\/catalogo\/producto\/iphone-14-pro-max-128gb\/","title":{"rendered":"iPhone 14 Pro Max 128GB"},"content":{"rendered":"<p>[vc_row el_class=\u00bbm-b-md\u00bb][vc_column][vc_column_text]Lorem ipsum dolor sit amet, consectetur adipiscing elit, sed do eiusmod tempor incididunt ut labore et dolore magna aliqua. Ut enim ad minim veniam, nostrud ipsum consectetur sed do, quis nostrud exercitation ullamco laboris nisi ut aliquip ex ea commodo consequat. Duis aute irure dolor in reprehenderit in voluptate velit esse cillum dolore eu fugiat nulla pariatur. Excepteur sint occaecat.[\/vc_column_text][\/vc_column][\/vc_row][vc_row el_class=\u00bbm-b-md\u00bb css=\u00bb.vc_custom_1511248807031{padding-left: 40px !important;}\u00bb][vc_column]<style>#porto-info-list185611593169e02821ba47d i { color: #21293c;font-size: 16px; }<\/style><ul id=\"porto-info-list185611593169e02821ba47d\" class=\"porto-info-list \"><li class=\"porto-info-list-item\"><i class=\"porto-info-icon fa fa-check-circle\"><\/i><div class=\"porto-info-list-item-desc\"font-size: 14px; style=\"font-size: 14px;\">Any Product types that You want &#8211; Simple, Configurable<\/div><\/li><li class=\"porto-info-list-item\"><i class=\"porto-info-icon fa fa-check-circle\"><\/i><div class=\"porto-info-list-item-desc\"font-size: 14px; style=\"font-size: 14px;\">Downloadable\/Digital Products, Virtual Products<\/div><\/li><li class=\"porto-info-list-item\"><i class=\"porto-info-icon fa fa-check-circle\"><\/i><div class=\"porto-info-list-item-desc\"font-size: 14px; style=\"font-size: 14px;\">Inventory Management with Backordered items<\/div><\/li><\/ul>[\/vc_column][\/vc_row][vc_row][vc_column][vc_column_text]Sed do eiusmod tempor incididunt ut labore et dolore magna aliqua. Ut enim ad minim veniam, quis nostrud exercitation ullamco laboris nisi ut aliquip ex ea commodo consequat.[\/vc_column_text][\/vc_column][\/vc_row]<\/p>\n","protected":false},"excerpt":{"rendered":"<p style=\"text-align: justify;\"><strong>PAGO EN EFECTIVO O TRANSFERENCIA<\/strong><\/p>\n<p style=\"text-align: justify;\"><strong>iPhone 14 Pro <\/strong>128GB. Con su Pantalla Super Retina XDR OLED de 6.7&#8243; y su\u00a0 super r\u00e1pido procesador A16 BIONIC que deja atr\u00e1s a la competencia. Un gran salto en duraci\u00f3n de bater\u00eda que vas a notar todos los d\u00edas. Aprovecha su c\u00e1mara principal de 48 MP + 12 MP + 12 MP y su c\u00e1mara frontal de 12 MP para tomar fotos y videos de gran calidad<\/p>\n<p><span style=\"font-size: 17px;\"><strong>PRODUCTO NUEVO<\/strong>\u00a0<strong>con<\/strong> <strong>GARANT\u00cdA DE 1 A\u00d1O. Entrega inmediata!<\/strong><\/span><\/p>\n<p><span style=\"font-size: 17px;\"><strong>iPhone 14 Pro Max 128GB \u27a1 S\/ 7300<\/strong><\/span><\/p>\n<p><span style=\"font-size: 17px;\"><strong>\u00bfQuieres mayor informaci\u00f3n? Escr\u00edbenos v\u00eda Whatsapp o ll\u00e1manos al 986245117<\/strong><\/span><\/p>\n","protected":false},"featured_media":1738,"comment_status":"open","ping_status":"closed","template":"","meta":[],"product_cat":[179],"product_tag":[],"yoast_head":"<!-- This site is optimized with the Yoast SEO plugin v19.10 - https:\/\/yoast.com\/wordpress\/plugins\/seo\/ -->\n<title>iPhone 14 Pro Max 128GB Garant\u00eda de 1 A\u00f1o - Laptronic Per\u00fa<\/title>\n<meta name=\"description\" content=\"iPhone 14 Pro 256GB. Garant\u00eda de 1 A\u00f1o, disponible en nuestras tiendas y Delivery en Lima Per\u00fa. Pantalla OLED de 6.7&quot; con Super Retina XDR\" \/>\n<meta name=\"robots\" content=\"index, follow, max-snippet:-1, max-image-preview:large, max-video-preview:-1\" \/>\n<link rel=\"canonical\" href=\"https:\/\/laptronic.pe\/catalogo\/producto\/iphone-14-pro-max-128gb\/\" \/>\n<meta property=\"og:locale\" content=\"es_ES\" \/>\n<meta property=\"og:type\" content=\"article\" \/>\n<meta property=\"og:title\" content=\"iPhone 14 Pro Max 128GB Garant\u00eda de 1 A\u00f1o - Laptronic Per\u00fa\" \/>\n<meta property=\"og:description\" content=\"iPhone 14 Pro 256GB. Garant\u00eda de 1 A\u00f1o, disponible en nuestras tiendas y Delivery en Lima Per\u00fa. Pantalla OLED de 6.7&quot; con Super Retina XDR\" \/>\n<meta property=\"og:url\" content=\"https:\/\/laptronic.pe\/catalogo\/producto\/iphone-14-pro-max-128gb\/\" \/>\n<meta property=\"og:site_name\" content=\"Laptronic\" \/>\n<meta property=\"article:publisher\" content=\"https:\/\/www.facebook.com\/laptronic.pe\" \/>\n<meta property=\"article:modified_time\" content=\"2022-11-11T02:35:52+00:00\" \/>\n<meta property=\"og:image\" content=\"https:\/\/laptronic.pe\/catalogo\/wp-content\/uploads\/image.png\" \/>\n\t<meta property=\"og:image:width\" content=\"1500\" \/>\n\t<meta property=\"og:image:height\" content=\"1500\" \/>\n\t<meta property=\"og:image:type\" content=\"image\/png\" \/>\n<meta name=\"twitter:card\" content=\"summary_large_image\" \/>\n<meta name=\"twitter:site\" content=\"@laptronicsac\" \/>\n<meta name=\"twitter:label1\" content=\"Tiempo de lectura\" \/>\n\t<meta name=\"twitter:data1\" content=\"1 minuto\" \/>\n<script type=\"application\/ld+json\" class=\"yoast-schema-graph\">{\"@context\":\"https:\/\/schema.org\",\"@graph\":[{\"@type\":\"WebPage\",\"@id\":\"https:\/\/laptronic.pe\/catalogo\/producto\/iphone-14-pro-max-128gb\/\",\"url\":\"https:\/\/laptronic.pe\/catalogo\/producto\/iphone-14-pro-max-128gb\/\",\"name\":\"iPhone 14 Pro Max 128GB Garant\u00eda de 1 A\u00f1o - Laptronic Per\u00fa\",\"isPartOf\":{\"@id\":\"https:\/\/laptronic.pe\/catalogo\/#website\"},\"datePublished\":\"2022-11-10T23:39:48+00:00\",\"dateModified\":\"2022-11-11T02:35:52+00:00\",\"description\":\"iPhone 14 Pro 256GB. Garant\u00eda de 1 A\u00f1o, disponible en nuestras tiendas y Delivery en Lima Per\u00fa. Pantalla OLED de 6.7\\\" con Super Retina XDR\",\"breadcrumb\":{\"@id\":\"https:\/\/laptronic.pe\/catalogo\/producto\/iphone-14-pro-max-128gb\/#breadcrumb\"},\"inLanguage\":\"es\",\"potentialAction\":[{\"@type\":\"ReadAction\",\"target\":[\"https:\/\/laptronic.pe\/catalogo\/producto\/iphone-14-pro-max-128gb\/\"]}]},{\"@type\":\"BreadcrumbList\",\"@id\":\"https:\/\/laptronic.pe\/catalogo\/producto\/iphone-14-pro-max-128gb\/#breadcrumb\",\"itemListElement\":[{\"@type\":\"ListItem\",\"position\":1,\"name\":\"Portada\",\"item\":\"https:\/\/laptronic.pe\/catalogo\/\"},{\"@type\":\"ListItem\",\"position\":2,\"name\":\"Tienda\",\"item\":\"https:\/\/laptronic.pe\/catalogo\/\"},{\"@type\":\"ListItem\",\"position\":3,\"name\":\"iPhone 14 Pro Max 128GB\"}]},{\"@type\":\"WebSite\",\"@id\":\"https:\/\/laptronic.pe\/catalogo\/#website\",\"url\":\"https:\/\/laptronic.pe\/catalogo\/\",\"name\":\"Laptronic\",\"description\":\"Centro de Servicio T\u00e9cnico de Apple - Lima y Arequipa\",\"publisher\":{\"@id\":\"https:\/\/laptronic.pe\/catalogo\/#organization\"},\"potentialAction\":[{\"@type\":\"SearchAction\",\"target\":{\"@type\":\"EntryPoint\",\"urlTemplate\":\"https:\/\/laptronic.pe\/catalogo\/?s={search_term_string}\"},\"query-input\":\"required name=search_term_string\"}],\"inLanguage\":\"es\"},{\"@type\":\"Organization\",\"@id\":\"https:\/\/laptronic.pe\/catalogo\/#organization\",\"name\":\"Laptronic\",\"url\":\"https:\/\/laptronic.pe\/catalogo\/\",\"logo\":{\"@type\":\"ImageObject\",\"inLanguage\":\"es\",\"@id\":\"https:\/\/laptronic.pe\/catalogo\/#\/schema\/logo\/image\/\",\"url\":\"https:\/\/laptronic.pe\/catalogo\/wp-content\/uploads\/2020\/10\/logo.png\",\"contentUrl\":\"https:\/\/laptronic.pe\/catalogo\/wp-content\/uploads\/2020\/10\/logo.png\",\"width\":303,\"height\":74,\"caption\":\"Laptronic\"},\"image\":{\"@id\":\"https:\/\/laptronic.pe\/catalogo\/#\/schema\/logo\/image\/\"},\"sameAs\":[\"https:\/\/www.instagram.com\/laptronic\/\",\"https:\/\/www.pinterest.com\/laptronic\/_created\/\",\"https:\/\/www.youtube.com\/user\/laptronicperu\",\"https:\/\/www.facebook.com\/laptronic.pe\",\"https:\/\/twitter.com\/laptronicsac\"]}]}<\/script>\n<!-- \/ Yoast SEO plugin. -->","yoast_head_json":{"title":"iPhone 14 Pro Max 128GB Garant\u00eda de 1 A\u00f1o - Laptronic Per\u00fa","description":"iPhone 14 Pro 256GB. Garant\u00eda de 1 A\u00f1o, disponible en nuestras tiendas y Delivery en Lima Per\u00fa. Pantalla OLED de 6.7\" con Super Retina XDR","robots":{"index":"index","follow":"follow","max-snippet":"max-snippet:-1","max-image-preview":"max-image-preview:large","max-video-preview":"max-video-preview:-1"},"canonical":"https:\/\/laptronic.pe\/catalogo\/producto\/iphone-14-pro-max-128gb\/","og_locale":"es_ES","og_type":"article","og_title":"iPhone 14 Pro Max 128GB Garant\u00eda de 1 A\u00f1o - Laptronic Per\u00fa","og_description":"iPhone 14 Pro 256GB. Garant\u00eda de 1 A\u00f1o, disponible en nuestras tiendas y Delivery en Lima Per\u00fa. Pantalla OLED de 6.7\" con Super Retina XDR","og_url":"https:\/\/laptronic.pe\/catalogo\/producto\/iphone-14-pro-max-128gb\/","og_site_name":"Laptronic","article_publisher":"https:\/\/www.facebook.com\/laptronic.pe","article_modified_time":"2022-11-11T02:35:52+00:00","og_image":[{"width":1500,"height":1500,"url":"https:\/\/laptronic.pe\/catalogo\/wp-content\/uploads\/image.png","type":"image\/png"}],"twitter_card":"summary_large_image","twitter_site":"@laptronicsac","twitter_misc":{"Tiempo de lectura":"1 minuto"},"schema":{"@context":"https:\/\/schema.org","@graph":[{"@type":"WebPage","@id":"https:\/\/laptronic.pe\/catalogo\/producto\/iphone-14-pro-max-128gb\/","url":"https:\/\/laptronic.pe\/catalogo\/producto\/iphone-14-pro-max-128gb\/","name":"iPhone 14 Pro Max 128GB Garant\u00eda de 1 A\u00f1o - Laptronic Per\u00fa","isPartOf":{"@id":"https:\/\/laptronic.pe\/catalogo\/#website"},"datePublished":"2022-11-10T23:39:48+00:00","dateModified":"2022-11-11T02:35:52+00:00","description":"iPhone 14 Pro 256GB. Garant\u00eda de 1 A\u00f1o, disponible en nuestras tiendas y Delivery en Lima Per\u00fa. Pantalla OLED de 6.7\" con Super Retina XDR","breadcrumb":{"@id":"https:\/\/laptronic.pe\/catalogo\/producto\/iphone-14-pro-max-128gb\/#breadcrumb"},"inLanguage":"es","potentialAction":[{"@type":"ReadAction","target":["https:\/\/laptronic.pe\/catalogo\/producto\/iphone-14-pro-max-128gb\/"]}]},{"@type":"BreadcrumbList","@id":"https:\/\/laptronic.pe\/catalogo\/producto\/iphone-14-pro-max-128gb\/#breadcrumb","itemListElement":[{"@type":"ListItem","position":1,"name":"Portada","item":"https:\/\/laptronic.pe\/catalogo\/"},{"@type":"ListItem","position":2,"name":"Tienda","item":"https:\/\/laptronic.pe\/catalogo\/"},{"@type":"ListItem","position":3,"name":"iPhone 14 Pro Max 128GB"}]},{"@type":"WebSite","@id":"https:\/\/laptronic.pe\/catalogo\/#website","url":"https:\/\/laptronic.pe\/catalogo\/","name":"Laptronic","description":"Centro de Servicio T\u00e9cnico de Apple - Lima y Arequipa","publisher":{"@id":"https:\/\/laptronic.pe\/catalogo\/#organization"},"potentialAction":[{"@type":"SearchAction","target":{"@type":"EntryPoint","urlTemplate":"https:\/\/laptronic.pe\/catalogo\/?s={search_term_string}"},"query-input":"required name=search_term_string"}],"inLanguage":"es"},{"@type":"Organization","@id":"https:\/\/laptronic.pe\/catalogo\/#organization","name":"Laptronic","url":"https:\/\/laptronic.pe\/catalogo\/","logo":{"@type":"ImageObject","inLanguage":"es","@id":"https:\/\/laptronic.pe\/catalogo\/#\/schema\/logo\/image\/","url":"https:\/\/laptronic.pe\/catalogo\/wp-content\/uploads\/2020\/10\/logo.png","contentUrl":"https:\/\/laptronic.pe\/catalogo\/wp-content\/uploads\/2020\/10\/logo.png","width":303,"height":74,"caption":"Laptronic"},"image":{"@id":"https:\/\/laptronic.pe\/catalogo\/#\/schema\/logo\/image\/"},"sameAs":["https:\/\/www.instagram.com\/laptronic\/","https:\/\/www.pinterest.com\/laptronic\/_created\/","https:\/\/www.youtube.com\/user\/laptronicperu","https:\/\/www.facebook.com\/laptronic.pe","https:\/\/twitter.com\/laptronicsac"]}]}},"_links":{"self":[{"href":"https:\/\/laptronic.pe\/catalogo\/wp-json\/wp\/v2\/product\/1737"}],"collection":[{"href":"https:\/\/laptronic.pe\/catalogo\/wp-json\/wp\/v2\/product"}],"about":[{"href":"https:\/\/laptronic.pe\/catalogo\/wp-json\/wp\/v2\/types\/product"}],"replies":[{"embeddable":true,"href":"https:\/\/laptronic.pe\/catalogo\/wp-json\/wp\/v2\/comments?post=1737"}],"wp:featuredmedia":[{"embeddable":true,"href":"https:\/\/laptronic.pe\/catalogo\/wp-json\/wp\/v2\/media\/1738"}],"wp:attachment":[{"href":"https:\/\/laptronic.pe\/catalogo\/wp-json\/wp\/v2\/media?parent=1737"}],"wp:term":[{"taxonomy":"product_cat","embeddable":true,"href":"https:\/\/laptronic.pe\/catalogo\/wp-json\/wp\/v2\/product_cat?post=1737"},{"taxonomy":"product_tag","embeddable":true,"href":"https:\/\/laptronic.pe\/catalogo\/wp-json\/wp\/v2\/product_tag?post=1737"}],"curies":[{"name":"wp","href":"https:\/\/api.w.org\/{rel}","templated":true}]}}