{"id":1659,"date":"2021-05-13T21:32:07","date_gmt":"2021-05-13T21:32:07","guid":{"rendered":"https:\/\/laptronic.pe\/catalogo\/?post_type=product&#038;p=1659"},"modified":"2021-06-30T16:42:11","modified_gmt":"2021-06-30T16:42:11","slug":"samsung-galaxy-note-10-plus","status":"publish","type":"product","link":"https:\/\/laptronic.pe\/catalogo\/producto\/samsung-galaxy-note-10-plus\/","title":{"rendered":"Samsung Galaxy Note 10 Plus"},"content":{"rendered":"","protected":false},"excerpt":{"rendered":"<p style=\"text-align: justify;\">El Samsung Galaxy Note 10 Plus 256 GB 12GB de memoria RAM siempre se encarga de innovar y de satisfacer tus necesidades tecnol\u00f3gicas. Tiene un novedoso y esplendido dise\u00f1o, vidrio curvo en la parte trasera y frontal, marco de metal y su c\u00e1mara frontal de 10 Megap\u00edxeles perforada en la pantalla que se encuentra a la mitad de ella para un mejor \u00e1ngulo para las fotos; adem\u00e1s de esto, tiene una doble bocina, por lo que es el celular id\u00f3neo para ti, el m\u00e1s compacto y el m\u00e1s capacitado. Cuenta con una pantalla OLED 6.8 que sin duda aporta gran nitidez, contraste y reproducci\u00f3n del color, desarrolla una experiencia real y muy viva que te har\u00e1 sentir c\u00f3modo al utilizarla, te permitir\u00e1 disfrutar de los gr\u00e1ficos de tus videojuegos o aplicaciones favoritas con gran claridad y brillo, la experiencia visual de este smartphone es inigualable. Lo sorprendente de todo esto es que tienes muchas funciones en un solo dispositivo, no queda duda que obtener las dimensiones correctas de la pantalla resultaron un gran acierto para la industria, la misma trae un lector de huellas, reconocimiento facial, patr\u00f3n, PIN y contrase\u00f1a para que utilices la que mejor se adapte a tus gustos.<\/p>\n","protected":false},"featured_media":1661,"comment_status":"open","ping_status":"closed","template":"","meta":[],"product_cat":[218],"product_tag":[228],"yoast_head":"<!-- This site is optimized with the Yoast SEO plugin v19.10 - https:\/\/yoast.com\/wordpress\/plugins\/seo\/ -->\n<title>Samsung Galaxy Note 10 Plus 256GB 12GB RAM - Laptronic<\/title>\n<meta name=\"description\" content=\"Samsung Galaxy Note 10 Plus 256GB 12GB de memoria RAM. Pantalla OLED 6.8, 10MP de c\u00e1mara frontal, procesador Exynos 9825. Garant\u00eda de 1 A\u00f1o\" \/>\n<meta name=\"robots\" content=\"index, follow, max-snippet:-1, max-image-preview:large, max-video-preview:-1\" \/>\n<link rel=\"canonical\" href=\"https:\/\/laptronic.pe\/catalogo\/producto\/samsung-galaxy-note-10-plus\/\" \/>\n<meta property=\"og:locale\" content=\"es_ES\" \/>\n<meta property=\"og:type\" content=\"article\" \/>\n<meta property=\"og:title\" content=\"Samsung Galaxy Note 10 Plus 256GB 12GB RAM - Laptronic\" \/>\n<meta property=\"og:description\" content=\"Samsung Galaxy Note 10 Plus 256GB 12GB de memoria RAM. Pantalla OLED 6.8, 10MP de c\u00e1mara frontal, procesador Exynos 9825. Garant\u00eda de 1 A\u00f1o\" \/>\n<meta property=\"og:url\" content=\"https:\/\/laptronic.pe\/catalogo\/producto\/samsung-galaxy-note-10-plus\/\" \/>\n<meta property=\"og:site_name\" content=\"Laptronic\" \/>\n<meta property=\"article:publisher\" content=\"https:\/\/www.facebook.com\/laptronic.pe\" \/>\n<meta property=\"article:modified_time\" content=\"2021-06-30T16:42:11+00:00\" \/>\n<meta property=\"og:image\" content=\"https:\/\/laptronic.pe\/catalogo\/wp-content\/uploads\/NOTE-10-PLUS.png\" \/>\n\t<meta property=\"og:image:width\" content=\"600\" \/>\n\t<meta property=\"og:image:height\" content=\"600\" \/>\n\t<meta property=\"og:image:type\" content=\"image\/png\" \/>\n<meta name=\"twitter:card\" content=\"summary_large_image\" \/>\n<meta name=\"twitter:site\" content=\"@laptronicsac\" \/>\n<script type=\"application\/ld+json\" class=\"yoast-schema-graph\">{\"@context\":\"https:\/\/schema.org\",\"@graph\":[{\"@type\":\"WebPage\",\"@id\":\"https:\/\/laptronic.pe\/catalogo\/producto\/samsung-galaxy-note-10-plus\/\",\"url\":\"https:\/\/laptronic.pe\/catalogo\/producto\/samsung-galaxy-note-10-plus\/\",\"name\":\"Samsung Galaxy Note 10 Plus 256GB 12GB RAM - Laptronic\",\"isPartOf\":{\"@id\":\"https:\/\/laptronic.pe\/catalogo\/#website\"},\"datePublished\":\"2021-05-13T21:32:07+00:00\",\"dateModified\":\"2021-06-30T16:42:11+00:00\",\"description\":\"Samsung Galaxy Note 10 Plus 256GB 12GB de memoria RAM. Pantalla OLED 6.8, 10MP de c\u00e1mara frontal, procesador Exynos 9825. Garant\u00eda de 1 A\u00f1o\",\"breadcrumb\":{\"@id\":\"https:\/\/laptronic.pe\/catalogo\/producto\/samsung-galaxy-note-10-plus\/#breadcrumb\"},\"inLanguage\":\"es\",\"potentialAction\":[{\"@type\":\"ReadAction\",\"target\":[\"https:\/\/laptronic.pe\/catalogo\/producto\/samsung-galaxy-note-10-plus\/\"]}]},{\"@type\":\"BreadcrumbList\",\"@id\":\"https:\/\/laptronic.pe\/catalogo\/producto\/samsung-galaxy-note-10-plus\/#breadcrumb\",\"itemListElement\":[{\"@type\":\"ListItem\",\"position\":1,\"name\":\"Portada\",\"item\":\"https:\/\/laptronic.pe\/catalogo\/\"},{\"@type\":\"ListItem\",\"position\":2,\"name\":\"Tienda\",\"item\":\"https:\/\/laptronic.pe\/catalogo\/\"},{\"@type\":\"ListItem\",\"position\":3,\"name\":\"Samsung Galaxy Note 10 Plus\"}]},{\"@type\":\"WebSite\",\"@id\":\"https:\/\/laptronic.pe\/catalogo\/#website\",\"url\":\"https:\/\/laptronic.pe\/catalogo\/\",\"name\":\"Laptronic\",\"description\":\"Centro de Servicio T\u00e9cnico de Apple - Lima y Arequipa\",\"publisher\":{\"@id\":\"https:\/\/laptronic.pe\/catalogo\/#organization\"},\"potentialAction\":[{\"@type\":\"SearchAction\",\"target\":{\"@type\":\"EntryPoint\",\"urlTemplate\":\"https:\/\/laptronic.pe\/catalogo\/?s={search_term_string}\"},\"query-input\":\"required name=search_term_string\"}],\"inLanguage\":\"es\"},{\"@type\":\"Organization\",\"@id\":\"https:\/\/laptronic.pe\/catalogo\/#organization\",\"name\":\"Laptronic\",\"url\":\"https:\/\/laptronic.pe\/catalogo\/\",\"logo\":{\"@type\":\"ImageObject\",\"inLanguage\":\"es\",\"@id\":\"https:\/\/laptronic.pe\/catalogo\/#\/schema\/logo\/image\/\",\"url\":\"https:\/\/laptronic.pe\/catalogo\/wp-content\/uploads\/2020\/10\/logo.png\",\"contentUrl\":\"https:\/\/laptronic.pe\/catalogo\/wp-content\/uploads\/2020\/10\/logo.png\",\"width\":303,\"height\":74,\"caption\":\"Laptronic\"},\"image\":{\"@id\":\"https:\/\/laptronic.pe\/catalogo\/#\/schema\/logo\/image\/\"},\"sameAs\":[\"https:\/\/www.instagram.com\/laptronic\/\",\"https:\/\/www.pinterest.com\/laptronic\/_created\/\",\"https:\/\/www.youtube.com\/user\/laptronicperu\",\"https:\/\/www.facebook.com\/laptronic.pe\",\"https:\/\/twitter.com\/laptronicsac\"]}]}<\/script>\n<!-- \/ Yoast SEO plugin. -->","yoast_head_json":{"title":"Samsung Galaxy Note 10 Plus 256GB 12GB RAM - Laptronic","description":"Samsung Galaxy Note 10 Plus 256GB 12GB de memoria RAM. Pantalla OLED 6.8, 10MP de c\u00e1mara frontal, procesador Exynos 9825. Garant\u00eda de 1 A\u00f1o","robots":{"index":"index","follow":"follow","max-snippet":"max-snippet:-1","max-image-preview":"max-image-preview:large","max-video-preview":"max-video-preview:-1"},"canonical":"https:\/\/laptronic.pe\/catalogo\/producto\/samsung-galaxy-note-10-plus\/","og_locale":"es_ES","og_type":"article","og_title":"Samsung Galaxy Note 10 Plus 256GB 12GB RAM - Laptronic","og_description":"Samsung Galaxy Note 10 Plus 256GB 12GB de memoria RAM. Pantalla OLED 6.8, 10MP de c\u00e1mara frontal, procesador Exynos 9825. Garant\u00eda de 1 A\u00f1o","og_url":"https:\/\/laptronic.pe\/catalogo\/producto\/samsung-galaxy-note-10-plus\/","og_site_name":"Laptronic","article_publisher":"https:\/\/www.facebook.com\/laptronic.pe","article_modified_time":"2021-06-30T16:42:11+00:00","og_image":[{"width":600,"height":600,"url":"https:\/\/laptronic.pe\/catalogo\/wp-content\/uploads\/NOTE-10-PLUS.png","type":"image\/png"}],"twitter_card":"summary_large_image","twitter_site":"@laptronicsac","schema":{"@context":"https:\/\/schema.org","@graph":[{"@type":"WebPage","@id":"https:\/\/laptronic.pe\/catalogo\/producto\/samsung-galaxy-note-10-plus\/","url":"https:\/\/laptronic.pe\/catalogo\/producto\/samsung-galaxy-note-10-plus\/","name":"Samsung Galaxy Note 10 Plus 256GB 12GB RAM - Laptronic","isPartOf":{"@id":"https:\/\/laptronic.pe\/catalogo\/#website"},"datePublished":"2021-05-13T21:32:07+00:00","dateModified":"2021-06-30T16:42:11+00:00","description":"Samsung Galaxy Note 10 Plus 256GB 12GB de memoria RAM. Pantalla OLED 6.8, 10MP de c\u00e1mara frontal, procesador Exynos 9825. Garant\u00eda de 1 A\u00f1o","breadcrumb":{"@id":"https:\/\/laptronic.pe\/catalogo\/producto\/samsung-galaxy-note-10-plus\/#breadcrumb"},"inLanguage":"es","potentialAction":[{"@type":"ReadAction","target":["https:\/\/laptronic.pe\/catalogo\/producto\/samsung-galaxy-note-10-plus\/"]}]},{"@type":"BreadcrumbList","@id":"https:\/\/laptronic.pe\/catalogo\/producto\/samsung-galaxy-note-10-plus\/#breadcrumb","itemListElement":[{"@type":"ListItem","position":1,"name":"Portada","item":"https:\/\/laptronic.pe\/catalogo\/"},{"@type":"ListItem","position":2,"name":"Tienda","item":"https:\/\/laptronic.pe\/catalogo\/"},{"@type":"ListItem","position":3,"name":"Samsung Galaxy Note 10 Plus"}]},{"@type":"WebSite","@id":"https:\/\/laptronic.pe\/catalogo\/#website","url":"https:\/\/laptronic.pe\/catalogo\/","name":"Laptronic","description":"Centro de Servicio T\u00e9cnico de Apple - Lima y Arequipa","publisher":{"@id":"https:\/\/laptronic.pe\/catalogo\/#organization"},"potentialAction":[{"@type":"SearchAction","target":{"@type":"EntryPoint","urlTemplate":"https:\/\/laptronic.pe\/catalogo\/?s={search_term_string}"},"query-input":"required name=search_term_string"}],"inLanguage":"es"},{"@type":"Organization","@id":"https:\/\/laptronic.pe\/catalogo\/#organization","name":"Laptronic","url":"https:\/\/laptronic.pe\/catalogo\/","logo":{"@type":"ImageObject","inLanguage":"es","@id":"https:\/\/laptronic.pe\/catalogo\/#\/schema\/logo\/image\/","url":"https:\/\/laptronic.pe\/catalogo\/wp-content\/uploads\/2020\/10\/logo.png","contentUrl":"https:\/\/laptronic.pe\/catalogo\/wp-content\/uploads\/2020\/10\/logo.png","width":303,"height":74,"caption":"Laptronic"},"image":{"@id":"https:\/\/laptronic.pe\/catalogo\/#\/schema\/logo\/image\/"},"sameAs":["https:\/\/www.instagram.com\/laptronic\/","https:\/\/www.pinterest.com\/laptronic\/_created\/","https:\/\/www.youtube.com\/user\/laptronicperu","https:\/\/www.facebook.com\/laptronic.pe","https:\/\/twitter.com\/laptronicsac"]}]}},"_links":{"self":[{"href":"https:\/\/laptronic.pe\/catalogo\/wp-json\/wp\/v2\/product\/1659"}],"collection":[{"href":"https:\/\/laptronic.pe\/catalogo\/wp-json\/wp\/v2\/product"}],"about":[{"href":"https:\/\/laptronic.pe\/catalogo\/wp-json\/wp\/v2\/types\/product"}],"replies":[{"embeddable":true,"href":"https:\/\/laptronic.pe\/catalogo\/wp-json\/wp\/v2\/comments?post=1659"}],"wp:featuredmedia":[{"embeddable":true,"href":"https:\/\/laptronic.pe\/catalogo\/wp-json\/wp\/v2\/media\/1661"}],"wp:attachment":[{"href":"https:\/\/laptronic.pe\/catalogo\/wp-json\/wp\/v2\/media?parent=1659"}],"wp:term":[{"taxonomy":"product_cat","embeddable":true,"href":"https:\/\/laptronic.pe\/catalogo\/wp-json\/wp\/v2\/product_cat?post=1659"},{"taxonomy":"product_tag","embeddable":true,"href":"https:\/\/laptronic.pe\/catalogo\/wp-json\/wp\/v2\/product_tag?post=1659"}],"curies":[{"name":"wp","href":"https:\/\/api.w.org\/{rel}","templated":true}]}}