{"id":1294,"date":"2020-12-24T04:40:10","date_gmt":"2020-12-24T04:40:10","guid":{"rendered":"https:\/\/laptronic.pe\/catalogo\/?post_type=product&#038;p=1294"},"modified":"2021-11-22T18:46:24","modified_gmt":"2021-11-22T18:46:24","slug":"iphone-xs-max","status":"publish","type":"product","link":"https:\/\/laptronic.pe\/catalogo\/producto\/iphone-xs-max\/","title":{"rendered":"iPhone XS Max"},"content":{"rendered":"<p>[vc_row el_class=\u00bbm-b-md\u00bb][vc_column][vc_column_text]Lorem ipsum dolor sit amet, consectetur adipiscing elit, sed do eiusmod tempor incididunt ut labore et dolore magna aliqua. Ut enim ad minim veniam, nostrud ipsum consectetur sed do, quis nostrud exercitation ullamco laboris nisi ut aliquip ex ea commodo consequat. Duis aute irure dolor in reprehenderit in voluptate velit esse cillum dolore eu fugiat nulla pariatur. Excepteur sint occaecat.[\/vc_column_text][\/vc_column][\/vc_row][vc_row el_class=\u00bbm-b-md\u00bb css=\u00bb.vc_custom_1511248807031{padding-left: 40px !important;}\u00bb][vc_column]<style>#porto-info-list18782011036a06015868285 i { color: #21293c;font-size: 16px; }<\/style><ul id=\"porto-info-list18782011036a06015868285\" class=\"porto-info-list \"><li class=\"porto-info-list-item\"><i class=\"porto-info-icon fa fa-check-circle\"><\/i><div class=\"porto-info-list-item-desc\"font-size: 14px; style=\"font-size: 14px;\">Any Product types that You want &#8211; Simple, Configurable<\/div><\/li><li class=\"porto-info-list-item\"><i class=\"porto-info-icon fa fa-check-circle\"><\/i><div class=\"porto-info-list-item-desc\"font-size: 14px; style=\"font-size: 14px;\">Downloadable\/Digital Products, Virtual Products<\/div><\/li><li class=\"porto-info-list-item\"><i class=\"porto-info-icon fa fa-check-circle\"><\/i><div class=\"porto-info-list-item-desc\"font-size: 14px; style=\"font-size: 14px;\">Inventory Management with Backordered items<\/div><\/li><\/ul>[\/vc_column][\/vc_row][vc_row][vc_column][vc_column_text]Sed do eiusmod tempor incididunt ut labore et dolore magna aliqua. Ut enim ad minim veniam, quis nostrud exercitation ullamco laboris nisi ut aliquip ex ea commodo consequat.[\/vc_column_text][\/vc_column][\/vc_row]<\/p>\n","protected":false},"excerpt":{"rendered":"<p style=\"text-align: justify;\"><strong>TODO PRECIO ES REFERENCIAL<\/strong><\/p>\n<p style=\"text-align: justify;\">El iPhone XS Max tiene un tama\u00f1o de 6.5 pulgadas, tres c\u00e1maras, pantalla Super Retina, carga inal\u00e1mbrica. Soporta 15 horas de reproducci\u00f3n de v\u00eddeo. El iPhone XS Max trabaja con el sistema operativo IOS 12, al igual que el iPhone XS de tama\u00f1o regular. Posee una innovadora dupla de c\u00e1maras en la parte trasera con sensores de 12MP cada uno y una c\u00e1mara frontal con TrueDepth, tecnolog\u00eda que permite una detecci\u00f3n facial muy avanzada de 7MP.<\/p>\n","protected":false},"featured_media":1383,"comment_status":"open","ping_status":"closed","template":"","meta":[],"product_cat":[179],"product_tag":[],"yoast_head":"<!-- This site is optimized with the Yoast SEO plugin v19.10 - https:\/\/yoast.com\/wordpress\/plugins\/seo\/ -->\n<title>iPhone XS Max - Laptronic<\/title>\n<meta name=\"robots\" content=\"index, follow, max-snippet:-1, max-image-preview:large, max-video-preview:-1\" \/>\n<link rel=\"canonical\" href=\"https:\/\/laptronic.pe\/catalogo\/producto\/iphone-xs-max\/\" \/>\n<meta property=\"og:locale\" content=\"es_ES\" \/>\n<meta property=\"og:type\" content=\"article\" \/>\n<meta property=\"og:title\" content=\"iPhone XS Max - Laptronic\" \/>\n<meta property=\"og:description\" content=\"TODO PRECIO ES REFERENCIAL El iPhone XS Max tiene un tama\u00f1o de 6.5 pulgadas, tres c\u00e1maras, pantalla Super Retina, carga inal\u00e1mbrica. Soporta 15 horas de reproducci\u00f3n de v\u00eddeo. El iPhone XS Max trabaja con el sistema operativo IOS 12, al igual que el iPhone XS de tama\u00f1o regular. Posee una innovadora dupla de c\u00e1maras en la parte trasera con sensores de 12MP cada uno y una c\u00e1mara frontal con TrueDepth, tecnolog\u00eda que permite una detecci\u00f3n facial muy avanzada de 7MP.\" \/>\n<meta property=\"og:url\" content=\"https:\/\/laptronic.pe\/catalogo\/producto\/iphone-xs-max\/\" \/>\n<meta property=\"og:site_name\" content=\"Laptronic\" \/>\n<meta property=\"article:publisher\" content=\"https:\/\/www.facebook.com\/laptronic.pe\" \/>\n<meta property=\"article:modified_time\" content=\"2021-11-22T18:46:24+00:00\" \/>\n<meta property=\"og:image\" content=\"https:\/\/laptronic.pe\/catalogo\/wp-content\/uploads\/iphone-xs-max-64.jpg\" \/>\n\t<meta property=\"og:image:width\" content=\"600\" \/>\n\t<meta property=\"og:image:height\" content=\"600\" \/>\n\t<meta property=\"og:image:type\" content=\"image\/jpeg\" \/>\n<meta name=\"twitter:card\" content=\"summary_large_image\" \/>\n<meta name=\"twitter:site\" content=\"@laptronicsac\" \/>\n<meta name=\"twitter:label1\" content=\"Tiempo de lectura\" \/>\n\t<meta name=\"twitter:data1\" content=\"1 minuto\" \/>\n<script type=\"application\/ld+json\" class=\"yoast-schema-graph\">{\"@context\":\"https:\/\/schema.org\",\"@graph\":[{\"@type\":\"WebPage\",\"@id\":\"https:\/\/laptronic.pe\/catalogo\/producto\/iphone-xs-max\/\",\"url\":\"https:\/\/laptronic.pe\/catalogo\/producto\/iphone-xs-max\/\",\"name\":\"iPhone XS Max - Laptronic\",\"isPartOf\":{\"@id\":\"https:\/\/laptronic.pe\/catalogo\/#website\"},\"datePublished\":\"2020-12-24T04:40:10+00:00\",\"dateModified\":\"2021-11-22T18:46:24+00:00\",\"breadcrumb\":{\"@id\":\"https:\/\/laptronic.pe\/catalogo\/producto\/iphone-xs-max\/#breadcrumb\"},\"inLanguage\":\"es\",\"potentialAction\":[{\"@type\":\"ReadAction\",\"target\":[\"https:\/\/laptronic.pe\/catalogo\/producto\/iphone-xs-max\/\"]}]},{\"@type\":\"BreadcrumbList\",\"@id\":\"https:\/\/laptronic.pe\/catalogo\/producto\/iphone-xs-max\/#breadcrumb\",\"itemListElement\":[{\"@type\":\"ListItem\",\"position\":1,\"name\":\"Portada\",\"item\":\"https:\/\/laptronic.pe\/catalogo\/\"},{\"@type\":\"ListItem\",\"position\":2,\"name\":\"Tienda\",\"item\":\"https:\/\/laptronic.pe\/catalogo\/\"},{\"@type\":\"ListItem\",\"position\":3,\"name\":\"iPhone XS Max\"}]},{\"@type\":\"WebSite\",\"@id\":\"https:\/\/laptronic.pe\/catalogo\/#website\",\"url\":\"https:\/\/laptronic.pe\/catalogo\/\",\"name\":\"Laptronic\",\"description\":\"Centro de Servicio T\u00e9cnico de Apple - Lima y Arequipa\",\"publisher\":{\"@id\":\"https:\/\/laptronic.pe\/catalogo\/#organization\"},\"potentialAction\":[{\"@type\":\"SearchAction\",\"target\":{\"@type\":\"EntryPoint\",\"urlTemplate\":\"https:\/\/laptronic.pe\/catalogo\/?s={search_term_string}\"},\"query-input\":\"required name=search_term_string\"}],\"inLanguage\":\"es\"},{\"@type\":\"Organization\",\"@id\":\"https:\/\/laptronic.pe\/catalogo\/#organization\",\"name\":\"Laptronic\",\"url\":\"https:\/\/laptronic.pe\/catalogo\/\",\"logo\":{\"@type\":\"ImageObject\",\"inLanguage\":\"es\",\"@id\":\"https:\/\/laptronic.pe\/catalogo\/#\/schema\/logo\/image\/\",\"url\":\"https:\/\/laptronic.pe\/catalogo\/wp-content\/uploads\/2020\/10\/logo.png\",\"contentUrl\":\"https:\/\/laptronic.pe\/catalogo\/wp-content\/uploads\/2020\/10\/logo.png\",\"width\":303,\"height\":74,\"caption\":\"Laptronic\"},\"image\":{\"@id\":\"https:\/\/laptronic.pe\/catalogo\/#\/schema\/logo\/image\/\"},\"sameAs\":[\"https:\/\/www.instagram.com\/laptronic\/\",\"https:\/\/www.pinterest.com\/laptronic\/_created\/\",\"https:\/\/www.youtube.com\/user\/laptronicperu\",\"https:\/\/www.facebook.com\/laptronic.pe\",\"https:\/\/twitter.com\/laptronicsac\"]}]}<\/script>\n<!-- \/ Yoast SEO plugin. -->","yoast_head_json":{"title":"iPhone XS Max - Laptronic","robots":{"index":"index","follow":"follow","max-snippet":"max-snippet:-1","max-image-preview":"max-image-preview:large","max-video-preview":"max-video-preview:-1"},"canonical":"https:\/\/laptronic.pe\/catalogo\/producto\/iphone-xs-max\/","og_locale":"es_ES","og_type":"article","og_title":"iPhone XS Max - Laptronic","og_description":"TODO PRECIO ES REFERENCIAL El iPhone XS Max tiene un tama\u00f1o de 6.5 pulgadas, tres c\u00e1maras, pantalla Super Retina, carga inal\u00e1mbrica. Soporta 15 horas de reproducci\u00f3n de v\u00eddeo. El iPhone XS Max trabaja con el sistema operativo IOS 12, al igual que el iPhone XS de tama\u00f1o regular. Posee una innovadora dupla de c\u00e1maras en la parte trasera con sensores de 12MP cada uno y una c\u00e1mara frontal con TrueDepth, tecnolog\u00eda que permite una detecci\u00f3n facial muy avanzada de 7MP.","og_url":"https:\/\/laptronic.pe\/catalogo\/producto\/iphone-xs-max\/","og_site_name":"Laptronic","article_publisher":"https:\/\/www.facebook.com\/laptronic.pe","article_modified_time":"2021-11-22T18:46:24+00:00","og_image":[{"width":600,"height":600,"url":"https:\/\/laptronic.pe\/catalogo\/wp-content\/uploads\/iphone-xs-max-64.jpg","type":"image\/jpeg"}],"twitter_card":"summary_large_image","twitter_site":"@laptronicsac","twitter_misc":{"Tiempo de lectura":"1 minuto"},"schema":{"@context":"https:\/\/schema.org","@graph":[{"@type":"WebPage","@id":"https:\/\/laptronic.pe\/catalogo\/producto\/iphone-xs-max\/","url":"https:\/\/laptronic.pe\/catalogo\/producto\/iphone-xs-max\/","name":"iPhone XS Max - Laptronic","isPartOf":{"@id":"https:\/\/laptronic.pe\/catalogo\/#website"},"datePublished":"2020-12-24T04:40:10+00:00","dateModified":"2021-11-22T18:46:24+00:00","breadcrumb":{"@id":"https:\/\/laptronic.pe\/catalogo\/producto\/iphone-xs-max\/#breadcrumb"},"inLanguage":"es","potentialAction":[{"@type":"ReadAction","target":["https:\/\/laptronic.pe\/catalogo\/producto\/iphone-xs-max\/"]}]},{"@type":"BreadcrumbList","@id":"https:\/\/laptronic.pe\/catalogo\/producto\/iphone-xs-max\/#breadcrumb","itemListElement":[{"@type":"ListItem","position":1,"name":"Portada","item":"https:\/\/laptronic.pe\/catalogo\/"},{"@type":"ListItem","position":2,"name":"Tienda","item":"https:\/\/laptronic.pe\/catalogo\/"},{"@type":"ListItem","position":3,"name":"iPhone XS Max"}]},{"@type":"WebSite","@id":"https:\/\/laptronic.pe\/catalogo\/#website","url":"https:\/\/laptronic.pe\/catalogo\/","name":"Laptronic","description":"Centro de Servicio T\u00e9cnico de Apple - Lima y Arequipa","publisher":{"@id":"https:\/\/laptronic.pe\/catalogo\/#organization"},"potentialAction":[{"@type":"SearchAction","target":{"@type":"EntryPoint","urlTemplate":"https:\/\/laptronic.pe\/catalogo\/?s={search_term_string}"},"query-input":"required name=search_term_string"}],"inLanguage":"es"},{"@type":"Organization","@id":"https:\/\/laptronic.pe\/catalogo\/#organization","name":"Laptronic","url":"https:\/\/laptronic.pe\/catalogo\/","logo":{"@type":"ImageObject","inLanguage":"es","@id":"https:\/\/laptronic.pe\/catalogo\/#\/schema\/logo\/image\/","url":"https:\/\/laptronic.pe\/catalogo\/wp-content\/uploads\/2020\/10\/logo.png","contentUrl":"https:\/\/laptronic.pe\/catalogo\/wp-content\/uploads\/2020\/10\/logo.png","width":303,"height":74,"caption":"Laptronic"},"image":{"@id":"https:\/\/laptronic.pe\/catalogo\/#\/schema\/logo\/image\/"},"sameAs":["https:\/\/www.instagram.com\/laptronic\/","https:\/\/www.pinterest.com\/laptronic\/_created\/","https:\/\/www.youtube.com\/user\/laptronicperu","https:\/\/www.facebook.com\/laptronic.pe","https:\/\/twitter.com\/laptronicsac"]}]}},"_links":{"self":[{"href":"https:\/\/laptronic.pe\/catalogo\/wp-json\/wp\/v2\/product\/1294"}],"collection":[{"href":"https:\/\/laptronic.pe\/catalogo\/wp-json\/wp\/v2\/product"}],"about":[{"href":"https:\/\/laptronic.pe\/catalogo\/wp-json\/wp\/v2\/types\/product"}],"replies":[{"embeddable":true,"href":"https:\/\/laptronic.pe\/catalogo\/wp-json\/wp\/v2\/comments?post=1294"}],"wp:featuredmedia":[{"embeddable":true,"href":"https:\/\/laptronic.pe\/catalogo\/wp-json\/wp\/v2\/media\/1383"}],"wp:attachment":[{"href":"https:\/\/laptronic.pe\/catalogo\/wp-json\/wp\/v2\/media?parent=1294"}],"wp:term":[{"taxonomy":"product_cat","embeddable":true,"href":"https:\/\/laptronic.pe\/catalogo\/wp-json\/wp\/v2\/product_cat?post=1294"},{"taxonomy":"product_tag","embeddable":true,"href":"https:\/\/laptronic.pe\/catalogo\/wp-json\/wp\/v2\/product_tag?post=1294"}],"curies":[{"name":"wp","href":"https:\/\/api.w.org\/{rel}","templated":true}]}}